{"id":2475,"date":"2020-05-06T08:49:25","date_gmt":"2020-05-06T06:49:25","guid":{"rendered":"http:\/\/3.65.206.27\/what-we-do\/"},"modified":"2020-11-20T13:00:31","modified_gmt":"2020-11-20T12:00:31","slug":"ce-que-nous-faisons","status":"publish","type":"page","link":"http:\/\/www.simhero.com\/fr\/professionnels\/ce-que-nous-faisons\/","title":{"rendered":"Ce que nous faisons"},"content":{"rendered":"\t\t<div data-elementor-type=\"wp-page\" data-elementor-id=\"2475\" class=\"elementor elementor-2475 elementor-17\" data-elementor-post-type=\"page\">\n\t\t\t\t\t\t<section class=\"elementor-section elementor-top-section elementor-element elementor-element-6e89f89a elementor-section-height-min-height elementor-section-boxed elementor-section-height-default elementor-section-items-middle\" data-id=\"6e89f89a\" data-element_type=\"section\" data-settings=\"{&quot;background_background&quot;:&quot;classic&quot;}\">\n\t\t\t\t\t\t\t<div class=\"elementor-background-overlay\"><\/div>\n\t\t\t\t\t\t\t<div class=\"elementor-container elementor-column-gap-default\">\n\t\t\t\t\t<div class=\"elementor-column elementor-col-100 elementor-top-column elementor-element elementor-element-29c475f9\" data-id=\"29c475f9\" data-element_type=\"column\">\n\t\t\t<div class=\"elementor-widget-wrap elementor-element-populated\">\n\t\t\t\t\t\t<div class=\"elementor-element elementor-element-37184173 elementor-widget elementor-widget-heading\" data-id=\"37184173\" data-element_type=\"widget\" data-widget_type=\"heading.default\">\n\t\t\t\t<div class=\"elementor-widget-container\">\n\t\t\t<h1 class=\"elementor-heading-title elementor-size-default\">Mod\u00e8les \u00e9conomiques simHERO<\/h1>\t\t<\/div>\n\t\t\t\t<\/div>\n\t\t\t\t\t<\/div>\n\t\t<\/div>\n\t\t\t\t\t<\/div>\n\t\t<\/section>\n\t\t\t\t<section class=\"elementor-section elementor-top-section elementor-element elementor-element-3acebe82 elementor-section-boxed elementor-section-height-default elementor-section-height-default\" data-id=\"3acebe82\" data-element_type=\"section\">\n\t\t\t\t\t\t<div class=\"elementor-container elementor-column-gap-default\">\n\t\t\t\t\t<div class=\"elementor-column elementor-col-100 elementor-top-column elementor-element elementor-element-525871c8\" data-id=\"525871c8\" data-element_type=\"column\">\n\t\t\t<div class=\"elementor-widget-wrap elementor-element-populated\">\n\t\t\t\t\t\t<div class=\"elementor-element elementor-element-7a859fb8 elementor-widget elementor-widget-heading\" data-id=\"7a859fb8\" data-element_type=\"widget\" data-widget_type=\"heading.default\">\n\t\t\t\t<div class=\"elementor-widget-container\">\n\t\t\t<h2 class=\"elementor-heading-title elementor-size-default\">Mod\u00e8les \u00e9conomiques simHERO pour vos dispositifs connect\u00e9s\n\n<\/h2>\t\t<\/div>\n\t\t\t\t<\/div>\n\t\t\t\t<div class=\"elementor-element elementor-element-396c9a66 elementor-widget elementor-widget-text-editor\" data-id=\"396c9a66\" data-element_type=\"widget\" data-widget_type=\"text-editor.default\">\n\t\t\t\t<div class=\"elementor-widget-container\">\n\t\t\t\t\t\t\t<p>Notre objectif global est de permettre aux utilisateurs finaux et aux clients professionnels de g\u00e9rer leurs dispositifs connect\u00e9s tels que les cam\u00e9ras de chasse, les traceurs ou tout autre type d&rsquo;appareil de maison intelligente. Pour atteindre cet objectif, simHERO propose deux mod\u00e8les \u00e9conomiques diff\u00e9rents :<\/p>\t\t\t\t\t\t<\/div>\n\t\t\t\t<\/div>\n\t\t\t\t\t<\/div>\n\t\t<\/div>\n\t\t\t\t\t<\/div>\n\t\t<\/section>\n\t\t\t\t<section class=\"elementor-section elementor-top-section elementor-element elementor-element-7034d736 elementor-section-content-middle elementor-section-boxed elementor-section-height-default elementor-section-height-default\" data-id=\"7034d736\" data-element_type=\"section\">\n\t\t\t\t\t\t<div class=\"elementor-container elementor-column-gap-wider\">\n\t\t\t\t\t<div class=\"elementor-column elementor-col-50 elementor-top-column elementor-element elementor-element-39c83bd7\" data-id=\"39c83bd7\" data-element_type=\"column\">\n\t\t\t<div class=\"elementor-widget-wrap elementor-element-populated\">\n\t\t\t\t\t\t<div class=\"elementor-element elementor-element-7951c1ac elementor-widget elementor-widget-image\" data-id=\"7951c1ac\" data-element_type=\"widget\" data-widget_type=\"image.default\">\n\t\t\t\t<div class=\"elementor-widget-container\">\n\t\t\t\t\t\t\t\t\t\t\t\t\t<img fetchpriority=\"high\" decoding=\"async\" width=\"800\" height=\"534\" src=\"http:\/\/www.simhero.com\/wp-content\/uploads\/2020\/07\/prepaid.jpg\" class=\"attachment-large size-large wp-image-2485\" alt=\"\" srcset=\"http:\/\/www.simhero.com\/wp-content\/uploads\/2020\/07\/prepaid.jpg 1000w, http:\/\/www.simhero.com\/wp-content\/uploads\/2020\/07\/prepaid-300x200.jpg 300w, http:\/\/www.simhero.com\/wp-content\/uploads\/2020\/07\/prepaid-768x512.jpg 768w\" sizes=\"(max-width: 800px) 100vw, 800px\" \/>\t\t\t\t\t\t\t\t\t\t\t\t\t<\/div>\n\t\t\t\t<\/div>\n\t\t\t\t\t<\/div>\n\t\t<\/div>\n\t\t\t\t<div class=\"elementor-column elementor-col-50 elementor-top-column elementor-element elementor-element-1b17e8a5\" data-id=\"1b17e8a5\" data-element_type=\"column\">\n\t\t\t<div class=\"elementor-widget-wrap elementor-element-populated\">\n\t\t\t\t\t\t<div class=\"elementor-element elementor-element-690af7d9 elementor-widget elementor-widget-heading\" data-id=\"690af7d9\" data-element_type=\"widget\" data-widget_type=\"heading.default\">\n\t\t\t\t<div class=\"elementor-widget-container\">\n\t\t\t<h2 class=\"elementor-heading-title elementor-size-default\">simHERO PR\u00c9PAY\u00c9<\/h2>\t\t<\/div>\n\t\t\t\t<\/div>\n\t\t\t\t<div class=\"elementor-element elementor-element-7654f7ed elementor-widget elementor-widget-text-editor\" data-id=\"7654f7ed\" data-element_type=\"widget\" data-widget_type=\"text-editor.default\">\n\t\t\t\t<div class=\"elementor-widget-container\">\n\t\t\t\t\t\t\t<p><span lang=\"fr-FR\">En collaboration avec nos partenaires commerciaux dans le monde entier, simHERO g\u00e8re toutes les questions relatives \u00e0 la connectivit\u00e9 telles que la facturation ou la gestion de l&rsquo;assistance li\u00e9e \u00e0 la CARTE SIM simHERO PR\u00c9PAY\u00c9E. Par ailleurs, nous permettons \u00e0 nos consommateurs finaux de g\u00e9rer leurs cartes SIM pour la connectivit\u00e9 IoT \u00e0 l&rsquo;aide de notre portail simHERO pour utilisateur final dans lequel, non seulement nous proposons nos forfaits simHERO standard, mais \u00e9galement des forfaits sur mesure bas\u00e9s sur le dispositif IoT concern\u00e9 ou sur les exigences de nos partenaires. <\/span><span lang=\"fr-FR\"><b>Vous voulez en savoir plus sur les services SIM simHERO PR\u00c9PAY\u00c9S ?<\/b><\/span><\/p>\t\t\t\t\t\t<\/div>\n\t\t\t\t<\/div>\n\t\t\t\t<div class=\"elementor-element elementor-element-5446c2ab elementor-align-left elementor-mobile-align-center elementor-widget elementor-widget-button\" data-id=\"5446c2ab\" data-element_type=\"widget\" data-widget_type=\"button.default\">\n\t\t\t\t<div class=\"elementor-widget-container\">\n\t\t\t\t\t<div class=\"elementor-button-wrapper\">\n\t\t\t<a class=\"elementor-button elementor-button-link elementor-size-md\" href=\"https:\/\/simhero.com\/fr\/professionnels\/ce-que-nous-faisons\/simhero-prepaye\/\">\n\t\t\t\t\t\t<span class=\"elementor-button-content-wrapper\">\n\t\t\t\t\t\t\t\t\t<span class=\"elementor-button-text\">Explorez simHERO PR\u00c9PAY\u00c9<\/span>\n\t\t\t\t\t<\/span>\n\t\t\t\t\t<\/a>\n\t\t<\/div>\n\t\t\t\t<\/div>\n\t\t\t\t<\/div>\n\t\t\t\t\t<\/div>\n\t\t<\/div>\n\t\t\t\t\t<\/div>\n\t\t<\/section>\n\t\t\t\t<section class=\"elementor-section elementor-top-section elementor-element elementor-element-191e287 elementor-section-content-middle elementor-section-boxed elementor-section-height-default elementor-section-height-default\" data-id=\"191e287\" data-element_type=\"section\">\n\t\t\t\t\t\t<div class=\"elementor-container elementor-column-gap-wider\">\n\t\t\t\t\t<div class=\"elementor-column elementor-col-50 elementor-top-column elementor-element elementor-element-3025bf28\" data-id=\"3025bf28\" data-element_type=\"column\">\n\t\t\t<div class=\"elementor-widget-wrap elementor-element-populated\">\n\t\t\t\t\t\t<div class=\"elementor-element elementor-element-1b4d1045 elementor-widget elementor-widget-heading\" data-id=\"1b4d1045\" data-element_type=\"widget\" data-widget_type=\"heading.default\">\n\t\t\t\t<div class=\"elementor-widget-container\">\n\t\t\t<h2 class=\"elementor-heading-title elementor-size-default\">simHERO ULTIME<\/h2>\t\t<\/div>\n\t\t\t\t<\/div>\n\t\t\t\t<div class=\"elementor-element elementor-element-55ae03ec elementor-widget elementor-widget-text-editor\" data-id=\"55ae03ec\" data-element_type=\"widget\" data-widget_type=\"text-editor.default\">\n\t\t\t\t<div class=\"elementor-widget-container\">\n\t\t\t\t\t\t\t<p><span lang=\"fr-FR\">simHERO Ultime est le mod\u00e8le \u00e9conomique dans lequel nous fournissons la connectivit\u00e9 IoT \u00e0 nos entreprises clientes. En cons\u00e9quence, nous fournissons des cartes SIM de marque blanche ou avec votre marque personnelle en tant qu&rsquo;\u00e9l\u00e9ment essentiel, en plus de votre dispositif IoT. Outre notre solution de carte SIM globale, cela comprend l&rsquo;un des outils de gestion de carte SIM les plus avanc\u00e9s qui donne \u00e0 nos clients la capacit\u00e9 de g\u00e9rer int\u00e9gralement leur carte SIM globale &#8211; depuis son activation jusqu&rsquo;\u00e0 sa r\u00e9siliation. <\/span><span lang=\"fr-FR\"><b>Vous voulez en savoir plus sur les services de carte SIM simHERO ULTIME ?<\/b><\/span><\/p>\t\t\t\t\t\t<\/div>\n\t\t\t\t<\/div>\n\t\t\t\t<div class=\"elementor-element elementor-element-51a71d44 elementor-align-left elementor-mobile-align-center elementor-widget elementor-widget-button\" data-id=\"51a71d44\" data-element_type=\"widget\" data-widget_type=\"button.default\">\n\t\t\t\t<div class=\"elementor-widget-container\">\n\t\t\t\t\t<div class=\"elementor-button-wrapper\">\n\t\t\t<a class=\"elementor-button elementor-button-link elementor-size-md\" href=\"https:\/\/simhero.com\/fr\/professionnels\/ce-que-nous-faisons\/simhero-ultime\/\">\n\t\t\t\t\t\t<span class=\"elementor-button-content-wrapper\">\n\t\t\t\t\t\t\t\t\t<span class=\"elementor-button-text\">Explorez simHERO ULTIME<\/span>\n\t\t\t\t\t<\/span>\n\t\t\t\t\t<\/a>\n\t\t<\/div>\n\t\t\t\t<\/div>\n\t\t\t\t<\/div>\n\t\t\t\t\t<\/div>\n\t\t<\/div>\n\t\t\t\t<div class=\"elementor-column elementor-col-50 elementor-top-column elementor-element elementor-element-52eee060\" data-id=\"52eee060\" data-element_type=\"column\">\n\t\t\t<div class=\"elementor-widget-wrap elementor-element-populated\">\n\t\t\t\t\t\t<div class=\"elementor-element elementor-element-27016dc elementor-widget elementor-widget-image\" data-id=\"27016dc\" data-element_type=\"widget\" data-widget_type=\"image.default\">\n\t\t\t\t<div class=\"elementor-widget-container\">\n\t\t\t\t\t\t\t\t\t\t\t\t\t<img decoding=\"async\" width=\"800\" height=\"534\" src=\"http:\/\/www.simhero.com\/wp-content\/uploads\/2020\/07\/ultimate.jpg\" class=\"attachment-large size-large wp-image-2486\" alt=\"\" srcset=\"http:\/\/www.simhero.com\/wp-content\/uploads\/2020\/07\/ultimate.jpg 1000w, http:\/\/www.simhero.com\/wp-content\/uploads\/2020\/07\/ultimate-300x200.jpg 300w, http:\/\/www.simhero.com\/wp-content\/uploads\/2020\/07\/ultimate-768x512.jpg 768w\" sizes=\"(max-width: 800px) 100vw, 800px\" \/>\t\t\t\t\t\t\t\t\t\t\t\t\t<\/div>\n\t\t\t\t<\/div>\n\t\t\t\t\t<\/div>\n\t\t<\/div>\n\t\t\t\t\t<\/div>\n\t\t<\/section>\n\t\t\t\t<\/div>\n\t\t","protected":false},"excerpt":{"rendered":"<p>Mod\u00e8les \u00e9conomiques simHERO Mod\u00e8les \u00e9conomiques simHERO pour vos dispositifs connect\u00e9s Notre objectif global est de permettre aux utilisateurs finaux et aux clients professionnels de g\u00e9rer leurs dispositifs connect\u00e9s tels que les cam\u00e9ras de chasse, les traceurs ou tout autre type d&rsquo;appareil de maison intelligente. Pour atteindre cet objectif, simHERO propose deux mod\u00e8les \u00e9conomiques diff\u00e9rents : [&hellip;]<\/p>\n","protected":false},"author":1,"featured_media":0,"parent":2542,"menu_order":0,"comment_status":"closed","ping_status":"closed","template":"elementor_header_footer","meta":{"footnotes":""},"yoast_head":"<!-- This site is optimized with the Yoast SEO plugin v23.4 - https:\/\/yoast.com\/wordpress\/plugins\/seo\/ -->\n<title>simHERO business models - simHERO<\/title>\n<meta name=\"description\" content=\"simHEROs overall target is to enable end-users and business clients to manage their connected device such as trail camera, tracker, or any kind of smart home device.\" \/>\n<meta name=\"robots\" content=\"index, follow, max-snippet:-1, max-image-preview:large, max-video-preview:-1\" \/>\n<link rel=\"canonical\" href=\"http:\/\/www.simhero.com\/fr\/professionnels\/ce-que-nous-faisons\/\" \/>\n<meta property=\"og:locale\" content=\"fr_FR\" \/>\n<meta property=\"og:type\" content=\"article\" \/>\n<meta property=\"og:title\" content=\"simHERO business models - simHERO\" \/>\n<meta property=\"og:description\" content=\"simHEROs overall target is to enable end-users and business clients to manage their connected device such as trail camera, tracker, or any kind of smart home device.\" \/>\n<meta property=\"og:url\" content=\"http:\/\/www.simhero.com\/fr\/professionnels\/ce-que-nous-faisons\/\" \/>\n<meta property=\"og:site_name\" content=\"simHERO\" \/>\n<meta property=\"article:publisher\" content=\"https:\/\/www.facebook.com\/freeewaysimhero\/\" \/>\n<meta property=\"article:modified_time\" content=\"2020-11-20T12:00:31+00:00\" \/>\n<meta property=\"og:image\" content=\"http:\/\/3.65.206.27\/wp-content\/uploads\/2020\/07\/prepaid.jpg\" \/>\n<meta name=\"twitter:card\" content=\"summary_large_image\" \/>\n<meta name=\"twitter:label1\" content=\"Dur\u00e9e de lecture estim\u00e9e\" \/>\n\t<meta name=\"twitter:data1\" content=\"1 minute\" \/>\n<script type=\"application\/ld+json\" class=\"yoast-schema-graph\">{\"@context\":\"https:\/\/schema.org\",\"@graph\":[{\"@type\":\"WebPage\",\"@id\":\"http:\/\/www.simhero.com\/fr\/professionnels\/ce-que-nous-faisons\/\",\"url\":\"http:\/\/www.simhero.com\/fr\/professionnels\/ce-que-nous-faisons\/\",\"name\":\"simHERO business models - simHERO\",\"isPartOf\":{\"@id\":\"https:\/\/simhero.com\/#website\"},\"primaryImageOfPage\":{\"@id\":\"http:\/\/www.simhero.com\/fr\/professionnels\/ce-que-nous-faisons\/#primaryimage\"},\"image\":{\"@id\":\"http:\/\/www.simhero.com\/fr\/professionnels\/ce-que-nous-faisons\/#primaryimage\"},\"thumbnailUrl\":\"http:\/\/3.65.206.27\/wp-content\/uploads\/2020\/07\/prepaid.jpg\",\"datePublished\":\"2020-05-06T06:49:25+00:00\",\"dateModified\":\"2020-11-20T12:00:31+00:00\",\"description\":\"simHEROs overall target is to enable end-users and business clients to manage their connected device such as trail camera, tracker, or any kind of smart home device.\",\"breadcrumb\":{\"@id\":\"http:\/\/www.simhero.com\/fr\/professionnels\/ce-que-nous-faisons\/#breadcrumb\"},\"inLanguage\":\"fr-FR\",\"potentialAction\":[{\"@type\":\"ReadAction\",\"target\":[\"http:\/\/www.simhero.com\/fr\/professionnels\/ce-que-nous-faisons\/\"]}]},{\"@type\":\"ImageObject\",\"inLanguage\":\"fr-FR\",\"@id\":\"http:\/\/www.simhero.com\/fr\/professionnels\/ce-que-nous-faisons\/#primaryimage\",\"url\":\"http:\/\/3.65.206.27\/wp-content\/uploads\/2020\/07\/prepaid.jpg\",\"contentUrl\":\"http:\/\/3.65.206.27\/wp-content\/uploads\/2020\/07\/prepaid.jpg\"},{\"@type\":\"BreadcrumbList\",\"@id\":\"http:\/\/www.simhero.com\/fr\/professionnels\/ce-que-nous-faisons\/#breadcrumb\",\"itemListElement\":[{\"@type\":\"ListItem\",\"position\":1,\"name\":\"Accueil\",\"item\":\"https:\/\/simhero.com\/fr\/\"},{\"@type\":\"ListItem\",\"position\":2,\"name\":\"Professionnels\",\"item\":\"https:\/\/simhero.com\/fr\/professionnels\/\"},{\"@type\":\"ListItem\",\"position\":3,\"name\":\"Ce que nous faisons\"}]},{\"@type\":\"WebSite\",\"@id\":\"https:\/\/simhero.com\/#website\",\"url\":\"https:\/\/simhero.com\/\",\"name\":\"simHERO\",\"description\":\"\",\"potentialAction\":[{\"@type\":\"SearchAction\",\"target\":{\"@type\":\"EntryPoint\",\"urlTemplate\":\"https:\/\/simhero.com\/?s={search_term_string}\"},\"query-input\":{\"@type\":\"PropertyValueSpecification\",\"valueRequired\":true,\"valueName\":\"search_term_string\"}}],\"inLanguage\":\"fr-FR\"}]}<\/script>\n<!-- \/ Yoast SEO plugin. -->","yoast_head_json":{"title":"simHERO business models - simHERO","description":"simHEROs overall target is to enable end-users and business clients to manage their connected device such as trail camera, tracker, or any kind of smart home device.","robots":{"index":"index","follow":"follow","max-snippet":"max-snippet:-1","max-image-preview":"max-image-preview:large","max-video-preview":"max-video-preview:-1"},"canonical":"http:\/\/www.simhero.com\/fr\/professionnels\/ce-que-nous-faisons\/","og_locale":"fr_FR","og_type":"article","og_title":"simHERO business models - simHERO","og_description":"simHEROs overall target is to enable end-users and business clients to manage their connected device such as trail camera, tracker, or any kind of smart home device.","og_url":"http:\/\/www.simhero.com\/fr\/professionnels\/ce-que-nous-faisons\/","og_site_name":"simHERO","article_publisher":"https:\/\/www.facebook.com\/freeewaysimhero\/","article_modified_time":"2020-11-20T12:00:31+00:00","og_image":[{"url":"http:\/\/3.65.206.27\/wp-content\/uploads\/2020\/07\/prepaid.jpg"}],"twitter_card":"summary_large_image","twitter_misc":{"Dur\u00e9e de lecture estim\u00e9e":"1 minute"},"schema":{"@context":"https:\/\/schema.org","@graph":[{"@type":"WebPage","@id":"http:\/\/www.simhero.com\/fr\/professionnels\/ce-que-nous-faisons\/","url":"http:\/\/www.simhero.com\/fr\/professionnels\/ce-que-nous-faisons\/","name":"simHERO business models - simHERO","isPartOf":{"@id":"https:\/\/simhero.com\/#website"},"primaryImageOfPage":{"@id":"http:\/\/www.simhero.com\/fr\/professionnels\/ce-que-nous-faisons\/#primaryimage"},"image":{"@id":"http:\/\/www.simhero.com\/fr\/professionnels\/ce-que-nous-faisons\/#primaryimage"},"thumbnailUrl":"http:\/\/3.65.206.27\/wp-content\/uploads\/2020\/07\/prepaid.jpg","datePublished":"2020-05-06T06:49:25+00:00","dateModified":"2020-11-20T12:00:31+00:00","description":"simHEROs overall target is to enable end-users and business clients to manage their connected device such as trail camera, tracker, or any kind of smart home device.","breadcrumb":{"@id":"http:\/\/www.simhero.com\/fr\/professionnels\/ce-que-nous-faisons\/#breadcrumb"},"inLanguage":"fr-FR","potentialAction":[{"@type":"ReadAction","target":["http:\/\/www.simhero.com\/fr\/professionnels\/ce-que-nous-faisons\/"]}]},{"@type":"ImageObject","inLanguage":"fr-FR","@id":"http:\/\/www.simhero.com\/fr\/professionnels\/ce-que-nous-faisons\/#primaryimage","url":"http:\/\/3.65.206.27\/wp-content\/uploads\/2020\/07\/prepaid.jpg","contentUrl":"http:\/\/3.65.206.27\/wp-content\/uploads\/2020\/07\/prepaid.jpg"},{"@type":"BreadcrumbList","@id":"http:\/\/www.simhero.com\/fr\/professionnels\/ce-que-nous-faisons\/#breadcrumb","itemListElement":[{"@type":"ListItem","position":1,"name":"Accueil","item":"https:\/\/simhero.com\/fr\/"},{"@type":"ListItem","position":2,"name":"Professionnels","item":"https:\/\/simhero.com\/fr\/professionnels\/"},{"@type":"ListItem","position":3,"name":"Ce que nous faisons"}]},{"@type":"WebSite","@id":"https:\/\/simhero.com\/#website","url":"https:\/\/simhero.com\/","name":"simHERO","description":"","potentialAction":[{"@type":"SearchAction","target":{"@type":"EntryPoint","urlTemplate":"https:\/\/simhero.com\/?s={search_term_string}"},"query-input":{"@type":"PropertyValueSpecification","valueRequired":true,"valueName":"search_term_string"}}],"inLanguage":"fr-FR"}]}},"_links":{"self":[{"href":"http:\/\/www.simhero.com\/fr\/wp-json\/wp\/v2\/pages\/2475"}],"collection":[{"href":"http:\/\/www.simhero.com\/fr\/wp-json\/wp\/v2\/pages"}],"about":[{"href":"http:\/\/www.simhero.com\/fr\/wp-json\/wp\/v2\/types\/page"}],"author":[{"embeddable":true,"href":"http:\/\/www.simhero.com\/fr\/wp-json\/wp\/v2\/users\/1"}],"replies":[{"embeddable":true,"href":"http:\/\/www.simhero.com\/fr\/wp-json\/wp\/v2\/comments?post=2475"}],"version-history":[{"count":4,"href":"http:\/\/www.simhero.com\/fr\/wp-json\/wp\/v2\/pages\/2475\/revisions"}],"predecessor-version":[{"id":2880,"href":"http:\/\/www.simhero.com\/fr\/wp-json\/wp\/v2\/pages\/2475\/revisions\/2880"}],"up":[{"embeddable":true,"href":"http:\/\/www.simhero.com\/fr\/wp-json\/wp\/v2\/pages\/2542"}],"wp:attachment":[{"href":"http:\/\/www.simhero.com\/fr\/wp-json\/wp\/v2\/media?parent=2475"}],"curies":[{"name":"wp","href":"https:\/\/api.w.org\/{rel}","templated":true}]}}