{"id":3564,"date":"2020-11-25T13:22:04","date_gmt":"2020-11-25T12:22:04","guid":{"rendered":"http:\/\/3.65.206.27\/?page_id=3564"},"modified":"2020-11-25T13:25:46","modified_gmt":"2020-11-25T12:25:46","slug":"que-hacemos","status":"publish","type":"page","link":"http:\/\/www.simhero.com\/es\/empresa\/que-hacemos\/","title":{"rendered":"Qu\u00e9 hacemos"},"content":{"rendered":"\t\t<div data-elementor-type=\"wp-page\" data-elementor-id=\"3564\" class=\"elementor elementor-3564 elementor-17\" data-elementor-post-type=\"page\">\n\t\t\t\t\t\t<section class=\"elementor-section elementor-top-section elementor-element elementor-element-6e89f89a elementor-section-height-min-height elementor-section-boxed elementor-section-height-default elementor-section-items-middle\" data-id=\"6e89f89a\" data-element_type=\"section\" data-settings=\"{&quot;background_background&quot;:&quot;classic&quot;}\">\n\t\t\t\t\t\t\t<div class=\"elementor-background-overlay\"><\/div>\n\t\t\t\t\t\t\t<div class=\"elementor-container elementor-column-gap-default\">\n\t\t\t\t\t<div class=\"elementor-column elementor-col-100 elementor-top-column elementor-element elementor-element-29c475f9\" data-id=\"29c475f9\" data-element_type=\"column\">\n\t\t\t<div class=\"elementor-widget-wrap elementor-element-populated\">\n\t\t\t\t\t\t<div class=\"elementor-element elementor-element-37184173 elementor-widget elementor-widget-heading\" data-id=\"37184173\" data-element_type=\"widget\" data-widget_type=\"heading.default\">\n\t\t\t\t<div class=\"elementor-widget-container\">\n\t\t\t<h1 class=\"elementor-heading-title elementor-size-default\">Modelos de negocio simHERO<\/h1>\t\t<\/div>\n\t\t\t\t<\/div>\n\t\t\t\t\t<\/div>\n\t\t<\/div>\n\t\t\t\t\t<\/div>\n\t\t<\/section>\n\t\t\t\t<section class=\"elementor-section elementor-top-section elementor-element elementor-element-3acebe82 elementor-section-boxed elementor-section-height-default elementor-section-height-default\" data-id=\"3acebe82\" data-element_type=\"section\">\n\t\t\t\t\t\t<div class=\"elementor-container elementor-column-gap-default\">\n\t\t\t\t\t<div class=\"elementor-column elementor-col-100 elementor-top-column elementor-element elementor-element-525871c8\" data-id=\"525871c8\" data-element_type=\"column\">\n\t\t\t<div class=\"elementor-widget-wrap elementor-element-populated\">\n\t\t\t\t\t\t<div class=\"elementor-element elementor-element-7a859fb8 elementor-widget elementor-widget-heading\" data-id=\"7a859fb8\" data-element_type=\"widget\" data-widget_type=\"heading.default\">\n\t\t\t\t<div class=\"elementor-widget-container\">\n\t\t\t<h2 class=\"elementor-heading-title elementor-size-default\">Modelos de negocio simHERO para tus dispositivos conectados\n\n<\/h2>\t\t<\/div>\n\t\t\t\t<\/div>\n\t\t\t\t<div class=\"elementor-element elementor-element-396c9a66 elementor-widget elementor-widget-text-editor\" data-id=\"396c9a66\" data-element_type=\"widget\" data-widget_type=\"text-editor.default\">\n\t\t\t\t<div class=\"elementor-widget-container\">\n\t\t\t\t\t\t\t<p><span lang=\"es-ES\">Nuestro objetivo general es permitir a los usuarios finales y clientes de empresa gestionar su dispositivo conectado, por ejemplo una c\u00e1mara de rastreo, un rastreador o cualquier tipo de dispositivo de smart home. A dicho efecto, simHERO ofrece dos modelos de negocio diferentes:<\/span><\/p>\t\t\t\t\t\t<\/div>\n\t\t\t\t<\/div>\n\t\t\t\t\t<\/div>\n\t\t<\/div>\n\t\t\t\t\t<\/div>\n\t\t<\/section>\n\t\t\t\t<section class=\"elementor-section elementor-top-section elementor-element elementor-element-7034d736 elementor-section-content-middle elementor-section-boxed elementor-section-height-default elementor-section-height-default\" data-id=\"7034d736\" data-element_type=\"section\">\n\t\t\t\t\t\t<div class=\"elementor-container elementor-column-gap-wider\">\n\t\t\t\t\t<div class=\"elementor-column elementor-col-50 elementor-top-column elementor-element elementor-element-39c83bd7\" data-id=\"39c83bd7\" data-element_type=\"column\">\n\t\t\t<div class=\"elementor-widget-wrap elementor-element-populated\">\n\t\t\t\t\t\t<div class=\"elementor-element elementor-element-7951c1ac elementor-widget elementor-widget-image\" data-id=\"7951c1ac\" data-element_type=\"widget\" data-widget_type=\"image.default\">\n\t\t\t\t<div class=\"elementor-widget-container\">\n\t\t\t\t\t\t\t\t\t\t\t\t\t<img fetchpriority=\"high\" decoding=\"async\" width=\"800\" height=\"534\" src=\"http:\/\/www.simhero.com\/wp-content\/uploads\/2020\/07\/prepaid.jpg\" class=\"attachment-large size-large wp-image-3574\" alt=\"\" srcset=\"http:\/\/www.simhero.com\/wp-content\/uploads\/2020\/07\/prepaid.jpg 1000w, http:\/\/www.simhero.com\/wp-content\/uploads\/2020\/07\/prepaid-300x200.jpg 300w, http:\/\/www.simhero.com\/wp-content\/uploads\/2020\/07\/prepaid-768x512.jpg 768w\" sizes=\"(max-width: 800px) 100vw, 800px\" \/>\t\t\t\t\t\t\t\t\t\t\t\t\t<\/div>\n\t\t\t\t<\/div>\n\t\t\t\t\t<\/div>\n\t\t<\/div>\n\t\t\t\t<div class=\"elementor-column elementor-col-50 elementor-top-column elementor-element elementor-element-1b17e8a5\" data-id=\"1b17e8a5\" data-element_type=\"column\">\n\t\t\t<div class=\"elementor-widget-wrap elementor-element-populated\">\n\t\t\t\t\t\t<div class=\"elementor-element elementor-element-690af7d9 elementor-widget elementor-widget-heading\" data-id=\"690af7d9\" data-element_type=\"widget\" data-widget_type=\"heading.default\">\n\t\t\t\t<div class=\"elementor-widget-container\">\n\t\t\t<h2 class=\"elementor-heading-title elementor-size-default\">simHERO PREPAID<\/h2>\t\t<\/div>\n\t\t\t\t<\/div>\n\t\t\t\t<div class=\"elementor-element elementor-element-7654f7ed elementor-widget elementor-widget-text-editor\" data-id=\"7654f7ed\" data-element_type=\"widget\" data-widget_type=\"text-editor.default\">\n\t\t\t\t<div class=\"elementor-widget-container\">\n\t\t\t\t\t\t\t<p><span lang=\"es-ES\">En colaboraci\u00f3n con nuestros socios comerciales en todo el mundo, simHERO gestiona todos los temas de conectividad, incluyendo facturaci\u00f3n o gesti\u00f3n de soporte relacionado con la SIM simHERO PREPAID. Asimismo, permitimos a los usuarios finales que gestionen todas sus tarjetas SIM para su conectividad a IoT a trav\u00e9s de nuestro Portal de Usuario simHERO, donde no solo ofrecemos nuestros planes de datos simHERO est\u00e1ndar, sino tambi\u00e9n planes personalizados por dispositivo de IoT o seg\u00fan los requisitos de nuestros socios. <\/span><span lang=\"es-ES\"><b>\u00bfDeseas saber m\u00e1s acerca de los servicios SIM <\/b><\/span><span lang=\"es-ES\"><b>simHERO PREPAID?<\/b><\/span><\/p>\t\t\t\t\t\t<\/div>\n\t\t\t\t<\/div>\n\t\t\t\t<div class=\"elementor-element elementor-element-5446c2ab elementor-align-left elementor-mobile-align-center elementor-widget elementor-widget-button\" data-id=\"5446c2ab\" data-element_type=\"widget\" data-widget_type=\"button.default\">\n\t\t\t\t<div class=\"elementor-widget-container\">\n\t\t\t\t\t<div class=\"elementor-button-wrapper\">\n\t\t\t<a class=\"elementor-button elementor-button-link elementor-size-md\" href=\"https:\/\/simhero.com\/es\/empresa\/que-hacemos\/simhero-prepaid\/\">\n\t\t\t\t\t\t<span class=\"elementor-button-content-wrapper\">\n\t\t\t\t\t\t\t\t\t<span class=\"elementor-button-text\">Conoce simHERO PREPAID<\/span>\n\t\t\t\t\t<\/span>\n\t\t\t\t\t<\/a>\n\t\t<\/div>\n\t\t\t\t<\/div>\n\t\t\t\t<\/div>\n\t\t\t\t\t<\/div>\n\t\t<\/div>\n\t\t\t\t\t<\/div>\n\t\t<\/section>\n\t\t\t\t<section class=\"elementor-section elementor-top-section elementor-element elementor-element-191e287 elementor-section-content-middle elementor-section-boxed elementor-section-height-default elementor-section-height-default\" data-id=\"191e287\" data-element_type=\"section\">\n\t\t\t\t\t\t<div class=\"elementor-container elementor-column-gap-wider\">\n\t\t\t\t\t<div class=\"elementor-column elementor-col-50 elementor-top-column elementor-element elementor-element-3025bf28\" data-id=\"3025bf28\" data-element_type=\"column\">\n\t\t\t<div class=\"elementor-widget-wrap elementor-element-populated\">\n\t\t\t\t\t\t<div class=\"elementor-element elementor-element-1b4d1045 elementor-widget elementor-widget-heading\" data-id=\"1b4d1045\" data-element_type=\"widget\" data-widget_type=\"heading.default\">\n\t\t\t\t<div class=\"elementor-widget-container\">\n\t\t\t<h2 class=\"elementor-heading-title elementor-size-default\">simHERO ULTIMATE<\/h2>\t\t<\/div>\n\t\t\t\t<\/div>\n\t\t\t\t<div class=\"elementor-element elementor-element-55ae03ec elementor-widget elementor-widget-text-editor\" data-id=\"55ae03ec\" data-element_type=\"widget\" data-widget_type=\"text-editor.default\">\n\t\t\t\t<div class=\"elementor-widget-container\">\n\t\t\t\t\t\t\t<p><span lang=\"es-ES\">simHERO ULTIMATE es el modelo de negocio con el cual ofrecemos nuestra conectividad a IoT a nuestros clientes de empresa. De este modo, proporcionamos tarjetas SIM de marca blanca o con tu marca individual como elemento esencial de tu dispositivo de IoT. Adem\u00e1s de nuestra soluci\u00f3n SIM global, cuenta con una de las herramientas de gesti\u00f3n de tarjetas SIM m\u00e1s avanzadas del mercado, que permite a nuestros clientes una gesti\u00f3n global de sus SIM, desde la activaci\u00f3n hasta la finalizaci\u00f3n <\/span><span lang=\"es-ES\"><b>\u00bfDeseas saber m\u00e1s acerca de los servicios SIM <\/b><\/span><span lang=\"es-ES\"><b>simHERO ULTIMATE?<\/b><\/span><\/p>\t\t\t\t\t\t<\/div>\n\t\t\t\t<\/div>\n\t\t\t\t<div class=\"elementor-element elementor-element-51a71d44 elementor-align-left elementor-mobile-align-center elementor-widget elementor-widget-button\" data-id=\"51a71d44\" data-element_type=\"widget\" data-widget_type=\"button.default\">\n\t\t\t\t<div class=\"elementor-widget-container\">\n\t\t\t\t\t<div class=\"elementor-button-wrapper\">\n\t\t\t<a class=\"elementor-button elementor-button-link elementor-size-md\" href=\"https:\/\/simhero.com\/es\/empresa\/que-hacemos\/simhero-ultimate\/\">\n\t\t\t\t\t\t<span class=\"elementor-button-content-wrapper\">\n\t\t\t\t\t\t\t\t\t<span class=\"elementor-button-text\">Conoce simHERO ULTIMATE<\/span>\n\t\t\t\t\t<\/span>\n\t\t\t\t\t<\/a>\n\t\t<\/div>\n\t\t\t\t<\/div>\n\t\t\t\t<\/div>\n\t\t\t\t\t<\/div>\n\t\t<\/div>\n\t\t\t\t<div class=\"elementor-column elementor-col-50 elementor-top-column elementor-element elementor-element-52eee060\" data-id=\"52eee060\" data-element_type=\"column\">\n\t\t\t<div class=\"elementor-widget-wrap elementor-element-populated\">\n\t\t\t\t\t\t<div class=\"elementor-element elementor-element-27016dc elementor-widget elementor-widget-image\" data-id=\"27016dc\" data-element_type=\"widget\" data-widget_type=\"image.default\">\n\t\t\t\t<div class=\"elementor-widget-container\">\n\t\t\t\t\t\t\t\t\t\t\t\t\t<img decoding=\"async\" width=\"800\" height=\"534\" src=\"http:\/\/www.simhero.com\/wp-content\/uploads\/2020\/07\/ultimate.jpg\" class=\"attachment-large size-large wp-image-3575\" alt=\"\" srcset=\"http:\/\/www.simhero.com\/wp-content\/uploads\/2020\/07\/ultimate.jpg 1000w, http:\/\/www.simhero.com\/wp-content\/uploads\/2020\/07\/ultimate-300x200.jpg 300w, http:\/\/www.simhero.com\/wp-content\/uploads\/2020\/07\/ultimate-768x512.jpg 768w\" sizes=\"(max-width: 800px) 100vw, 800px\" \/>\t\t\t\t\t\t\t\t\t\t\t\t\t<\/div>\n\t\t\t\t<\/div>\n\t\t\t\t\t<\/div>\n\t\t<\/div>\n\t\t\t\t\t<\/div>\n\t\t<\/section>\n\t\t\t\t<\/div>\n\t\t","protected":false},"excerpt":{"rendered":"<p>Modelos de negocio simHERO Modelos de negocio simHERO para tus dispositivos conectados Nuestro objetivo general es permitir a los usuarios finales y clientes de empresa gestionar su dispositivo conectado, por ejemplo una c\u00e1mara de rastreo, un rastreador o cualquier tipo de dispositivo de smart home. A dicho efecto, simHERO ofrece dos modelos de negocio diferentes: [&hellip;]<\/p>\n","protected":false},"author":2,"featured_media":0,"parent":3496,"menu_order":0,"comment_status":"closed","ping_status":"closed","template":"elementor_header_footer","meta":{"footnotes":""},"yoast_head":"<!-- This site is optimized with the Yoast SEO plugin v23.4 - https:\/\/yoast.com\/wordpress\/plugins\/seo\/ -->\n<title>Qu\u00e9 hacemos - simHERO<\/title>\n<meta name=\"robots\" content=\"index, follow, max-snippet:-1, max-image-preview:large, max-video-preview:-1\" \/>\n<link rel=\"canonical\" href=\"http:\/\/www.simhero.com\/es\/empresa\/que-hacemos\/\" \/>\n<meta property=\"og:locale\" content=\"es_ES\" \/>\n<meta property=\"og:type\" content=\"article\" \/>\n<meta property=\"og:title\" content=\"Qu\u00e9 hacemos - simHERO\" \/>\n<meta property=\"og:description\" content=\"Modelos de negocio simHERO Modelos de negocio simHERO para tus dispositivos conectados Nuestro objetivo general es permitir a los usuarios finales y clientes de empresa gestionar su dispositivo conectado, por ejemplo una c\u00e1mara de rastreo, un rastreador o cualquier tipo de dispositivo de smart home. A dicho efecto, simHERO ofrece dos modelos de negocio diferentes: [&hellip;]\" \/>\n<meta property=\"og:url\" content=\"http:\/\/www.simhero.com\/es\/empresa\/que-hacemos\/\" \/>\n<meta property=\"og:site_name\" content=\"simHERO\" \/>\n<meta property=\"article:publisher\" content=\"https:\/\/www.facebook.com\/freeewaysimhero\/\" \/>\n<meta property=\"article:modified_time\" content=\"2020-11-25T12:25:46+00:00\" \/>\n<meta property=\"og:image\" content=\"http:\/\/3.65.206.27\/wp-content\/uploads\/2020\/07\/prepaid.jpg\" \/>\n<meta name=\"twitter:card\" content=\"summary_large_image\" \/>\n<meta name=\"twitter:label1\" content=\"Tiempo de lectura\" \/>\n\t<meta name=\"twitter:data1\" content=\"1 minuto\" \/>\n<script type=\"application\/ld+json\" class=\"yoast-schema-graph\">{\"@context\":\"https:\/\/schema.org\",\"@graph\":[{\"@type\":\"WebPage\",\"@id\":\"http:\/\/www.simhero.com\/es\/empresa\/que-hacemos\/\",\"url\":\"http:\/\/www.simhero.com\/es\/empresa\/que-hacemos\/\",\"name\":\"Qu\u00e9 hacemos - simHERO\",\"isPartOf\":{\"@id\":\"https:\/\/simhero.com\/#website\"},\"primaryImageOfPage\":{\"@id\":\"http:\/\/www.simhero.com\/es\/empresa\/que-hacemos\/#primaryimage\"},\"image\":{\"@id\":\"http:\/\/www.simhero.com\/es\/empresa\/que-hacemos\/#primaryimage\"},\"thumbnailUrl\":\"http:\/\/3.65.206.27\/wp-content\/uploads\/2020\/07\/prepaid.jpg\",\"datePublished\":\"2020-11-25T12:22:04+00:00\",\"dateModified\":\"2020-11-25T12:25:46+00:00\",\"breadcrumb\":{\"@id\":\"http:\/\/www.simhero.com\/es\/empresa\/que-hacemos\/#breadcrumb\"},\"inLanguage\":\"es\",\"potentialAction\":[{\"@type\":\"ReadAction\",\"target\":[\"http:\/\/www.simhero.com\/es\/empresa\/que-hacemos\/\"]}]},{\"@type\":\"ImageObject\",\"inLanguage\":\"es\",\"@id\":\"http:\/\/www.simhero.com\/es\/empresa\/que-hacemos\/#primaryimage\",\"url\":\"http:\/\/3.65.206.27\/wp-content\/uploads\/2020\/07\/prepaid.jpg\",\"contentUrl\":\"http:\/\/3.65.206.27\/wp-content\/uploads\/2020\/07\/prepaid.jpg\"},{\"@type\":\"BreadcrumbList\",\"@id\":\"http:\/\/www.simhero.com\/es\/empresa\/que-hacemos\/#breadcrumb\",\"itemListElement\":[{\"@type\":\"ListItem\",\"position\":1,\"name\":\"Portada\",\"item\":\"http:\/\/ec2-3-124-25-54.eu-central-1.compute.amazonaws.com\/es\/\"},{\"@type\":\"ListItem\",\"position\":2,\"name\":\"Empresa\",\"item\":\"http:\/\/ec2-3-124-25-54.eu-central-1.compute.amazonaws.com\/es\/empresa\/\"},{\"@type\":\"ListItem\",\"position\":3,\"name\":\"Qu\u00e9 hacemos\"}]},{\"@type\":\"WebSite\",\"@id\":\"https:\/\/simhero.com\/#website\",\"url\":\"https:\/\/simhero.com\/\",\"name\":\"simHERO\",\"description\":\"\",\"potentialAction\":[{\"@type\":\"SearchAction\",\"target\":{\"@type\":\"EntryPoint\",\"urlTemplate\":\"https:\/\/simhero.com\/?s={search_term_string}\"},\"query-input\":{\"@type\":\"PropertyValueSpecification\",\"valueRequired\":true,\"valueName\":\"search_term_string\"}}],\"inLanguage\":\"es\"}]}<\/script>\n<!-- \/ Yoast SEO plugin. -->","yoast_head_json":{"title":"Qu\u00e9 hacemos - simHERO","robots":{"index":"index","follow":"follow","max-snippet":"max-snippet:-1","max-image-preview":"max-image-preview:large","max-video-preview":"max-video-preview:-1"},"canonical":"http:\/\/www.simhero.com\/es\/empresa\/que-hacemos\/","og_locale":"es_ES","og_type":"article","og_title":"Qu\u00e9 hacemos - simHERO","og_description":"Modelos de negocio simHERO Modelos de negocio simHERO para tus dispositivos conectados Nuestro objetivo general es permitir a los usuarios finales y clientes de empresa gestionar su dispositivo conectado, por ejemplo una c\u00e1mara de rastreo, un rastreador o cualquier tipo de dispositivo de smart home. A dicho efecto, simHERO ofrece dos modelos de negocio diferentes: [&hellip;]","og_url":"http:\/\/www.simhero.com\/es\/empresa\/que-hacemos\/","og_site_name":"simHERO","article_publisher":"https:\/\/www.facebook.com\/freeewaysimhero\/","article_modified_time":"2020-11-25T12:25:46+00:00","og_image":[{"url":"http:\/\/3.65.206.27\/wp-content\/uploads\/2020\/07\/prepaid.jpg"}],"twitter_card":"summary_large_image","twitter_misc":{"Tiempo de lectura":"1 minuto"},"schema":{"@context":"https:\/\/schema.org","@graph":[{"@type":"WebPage","@id":"http:\/\/www.simhero.com\/es\/empresa\/que-hacemos\/","url":"http:\/\/www.simhero.com\/es\/empresa\/que-hacemos\/","name":"Qu\u00e9 hacemos - simHERO","isPartOf":{"@id":"https:\/\/simhero.com\/#website"},"primaryImageOfPage":{"@id":"http:\/\/www.simhero.com\/es\/empresa\/que-hacemos\/#primaryimage"},"image":{"@id":"http:\/\/www.simhero.com\/es\/empresa\/que-hacemos\/#primaryimage"},"thumbnailUrl":"http:\/\/3.65.206.27\/wp-content\/uploads\/2020\/07\/prepaid.jpg","datePublished":"2020-11-25T12:22:04+00:00","dateModified":"2020-11-25T12:25:46+00:00","breadcrumb":{"@id":"http:\/\/www.simhero.com\/es\/empresa\/que-hacemos\/#breadcrumb"},"inLanguage":"es","potentialAction":[{"@type":"ReadAction","target":["http:\/\/www.simhero.com\/es\/empresa\/que-hacemos\/"]}]},{"@type":"ImageObject","inLanguage":"es","@id":"http:\/\/www.simhero.com\/es\/empresa\/que-hacemos\/#primaryimage","url":"http:\/\/3.65.206.27\/wp-content\/uploads\/2020\/07\/prepaid.jpg","contentUrl":"http:\/\/3.65.206.27\/wp-content\/uploads\/2020\/07\/prepaid.jpg"},{"@type":"BreadcrumbList","@id":"http:\/\/www.simhero.com\/es\/empresa\/que-hacemos\/#breadcrumb","itemListElement":[{"@type":"ListItem","position":1,"name":"Portada","item":"http:\/\/ec2-3-124-25-54.eu-central-1.compute.amazonaws.com\/es\/"},{"@type":"ListItem","position":2,"name":"Empresa","item":"http:\/\/ec2-3-124-25-54.eu-central-1.compute.amazonaws.com\/es\/empresa\/"},{"@type":"ListItem","position":3,"name":"Qu\u00e9 hacemos"}]},{"@type":"WebSite","@id":"https:\/\/simhero.com\/#website","url":"https:\/\/simhero.com\/","name":"simHERO","description":"","potentialAction":[{"@type":"SearchAction","target":{"@type":"EntryPoint","urlTemplate":"https:\/\/simhero.com\/?s={search_term_string}"},"query-input":{"@type":"PropertyValueSpecification","valueRequired":true,"valueName":"search_term_string"}}],"inLanguage":"es"}]}},"_links":{"self":[{"href":"http:\/\/www.simhero.com\/es\/wp-json\/wp\/v2\/pages\/3564"}],"collection":[{"href":"http:\/\/www.simhero.com\/es\/wp-json\/wp\/v2\/pages"}],"about":[{"href":"http:\/\/www.simhero.com\/es\/wp-json\/wp\/v2\/types\/page"}],"author":[{"embeddable":true,"href":"http:\/\/www.simhero.com\/es\/wp-json\/wp\/v2\/users\/2"}],"replies":[{"embeddable":true,"href":"http:\/\/www.simhero.com\/es\/wp-json\/wp\/v2\/comments?post=3564"}],"version-history":[{"count":4,"href":"http:\/\/www.simhero.com\/es\/wp-json\/wp\/v2\/pages\/3564\/revisions"}],"predecessor-version":[{"id":3578,"href":"http:\/\/www.simhero.com\/es\/wp-json\/wp\/v2\/pages\/3564\/revisions\/3578"}],"up":[{"embeddable":true,"href":"http:\/\/www.simhero.com\/es\/wp-json\/wp\/v2\/pages\/3496"}],"wp:attachment":[{"href":"http:\/\/www.simhero.com\/es\/wp-json\/wp\/v2\/media?parent=3564"}],"curies":[{"name":"wp","href":"https:\/\/api.w.org\/{rel}","templated":true}]}}