{"id":2372,"date":"2020-05-06T08:49:25","date_gmt":"2020-05-06T06:49:25","guid":{"rendered":"http:\/\/3.65.206.27\/business\/what-we-do\/"},"modified":"2020-11-18T15:16:55","modified_gmt":"2020-11-18T14:16:55","slug":"was-wir-tun","status":"publish","type":"page","link":"http:\/\/www.simhero.com\/de\/business\/was-wir-tun\/","title":{"rendered":"Was wir tun"},"content":{"rendered":"\t\t<div data-elementor-type=\"wp-page\" data-elementor-id=\"2372\" class=\"elementor elementor-2372 elementor-17\" data-elementor-post-type=\"page\">\n\t\t\t\t\t\t<section class=\"elementor-section elementor-top-section elementor-element elementor-element-6e89f89a elementor-section-height-min-height elementor-section-boxed elementor-section-height-default elementor-section-items-middle\" data-id=\"6e89f89a\" data-element_type=\"section\" data-settings=\"{&quot;background_background&quot;:&quot;classic&quot;}\">\n\t\t\t\t\t\t\t<div class=\"elementor-background-overlay\"><\/div>\n\t\t\t\t\t\t\t<div class=\"elementor-container elementor-column-gap-default\">\n\t\t\t\t\t<div class=\"elementor-column elementor-col-100 elementor-top-column elementor-element elementor-element-29c475f9\" data-id=\"29c475f9\" data-element_type=\"column\">\n\t\t\t<div class=\"elementor-widget-wrap elementor-element-populated\">\n\t\t\t\t\t\t<div class=\"elementor-element elementor-element-37184173 elementor-widget elementor-widget-heading\" data-id=\"37184173\" data-element_type=\"widget\" data-widget_type=\"heading.default\">\n\t\t\t\t<div class=\"elementor-widget-container\">\n\t\t\t<h1 class=\"elementor-heading-title elementor-size-default\">simHERO-Business-Modelle<\/h1>\t\t<\/div>\n\t\t\t\t<\/div>\n\t\t\t\t\t<\/div>\n\t\t<\/div>\n\t\t\t\t\t<\/div>\n\t\t<\/section>\n\t\t\t\t<section class=\"elementor-section elementor-top-section elementor-element elementor-element-3acebe82 elementor-section-boxed elementor-section-height-default elementor-section-height-default\" data-id=\"3acebe82\" data-element_type=\"section\">\n\t\t\t\t\t\t<div class=\"elementor-container elementor-column-gap-default\">\n\t\t\t\t\t<div class=\"elementor-column elementor-col-100 elementor-top-column elementor-element elementor-element-525871c8\" data-id=\"525871c8\" data-element_type=\"column\">\n\t\t\t<div class=\"elementor-widget-wrap elementor-element-populated\">\n\t\t\t\t\t\t<div class=\"elementor-element elementor-element-7a859fb8 elementor-widget elementor-widget-heading\" data-id=\"7a859fb8\" data-element_type=\"widget\" data-widget_type=\"heading.default\">\n\t\t\t\t<div class=\"elementor-widget-container\">\n\t\t\t<h2 class=\"elementor-heading-title elementor-size-default\">simHERO-Business-Modelle f\u00fcr Ihre verbundenen Ger\u00e4te\n\n<\/h2>\t\t<\/div>\n\t\t\t\t<\/div>\n\t\t\t\t<div class=\"elementor-element elementor-element-396c9a66 elementor-widget elementor-widget-text-editor\" data-id=\"396c9a66\" data-element_type=\"widget\" data-widget_type=\"text-editor.default\">\n\t\t\t\t<div class=\"elementor-widget-container\">\n\t\t\t\t\t\t\t<p>Unsere allgemeine Zielsetzung sieht vor, Endbenutzer und Gesch\u00e4ftskunden in die Lage zu versetzen, ihre verbundenen Ger\u00e4te wie beispielsweise Kamerafallen, Tracker oder jedwede Smart-Home-Ger\u00e4te zu managen. Um dieses Ziel zu erreichen, bietet simHERO zwei unterschiedliche Business-Modelle an:<\/p>\t\t\t\t\t\t<\/div>\n\t\t\t\t<\/div>\n\t\t\t\t\t<\/div>\n\t\t<\/div>\n\t\t\t\t\t<\/div>\n\t\t<\/section>\n\t\t\t\t<section class=\"elementor-section elementor-top-section elementor-element elementor-element-7034d736 elementor-section-content-middle elementor-section-boxed elementor-section-height-default elementor-section-height-default\" data-id=\"7034d736\" data-element_type=\"section\">\n\t\t\t\t\t\t<div class=\"elementor-container elementor-column-gap-wider\">\n\t\t\t\t\t<div class=\"elementor-column elementor-col-50 elementor-top-column elementor-element elementor-element-39c83bd7\" data-id=\"39c83bd7\" data-element_type=\"column\">\n\t\t\t<div class=\"elementor-widget-wrap elementor-element-populated\">\n\t\t\t\t\t\t<div class=\"elementor-element elementor-element-7951c1ac elementor-widget elementor-widget-image\" data-id=\"7951c1ac\" data-element_type=\"widget\" data-widget_type=\"image.default\">\n\t\t\t\t<div class=\"elementor-widget-container\">\n\t\t\t\t\t\t\t\t\t\t\t\t\t<img fetchpriority=\"high\" decoding=\"async\" width=\"800\" height=\"534\" src=\"http:\/\/www.simhero.com\/wp-content\/uploads\/2020\/07\/prepaid.jpg\" class=\"attachment-large size-large wp-image-1351\" alt=\"\" srcset=\"http:\/\/www.simhero.com\/wp-content\/uploads\/2020\/07\/prepaid.jpg 1000w, http:\/\/www.simhero.com\/wp-content\/uploads\/2020\/07\/prepaid-300x200.jpg 300w, http:\/\/www.simhero.com\/wp-content\/uploads\/2020\/07\/prepaid-768x512.jpg 768w\" sizes=\"(max-width: 800px) 100vw, 800px\" \/>\t\t\t\t\t\t\t\t\t\t\t\t\t<\/div>\n\t\t\t\t<\/div>\n\t\t\t\t\t<\/div>\n\t\t<\/div>\n\t\t\t\t<div class=\"elementor-column elementor-col-50 elementor-top-column elementor-element elementor-element-1b17e8a5\" data-id=\"1b17e8a5\" data-element_type=\"column\">\n\t\t\t<div class=\"elementor-widget-wrap elementor-element-populated\">\n\t\t\t\t\t\t<div class=\"elementor-element elementor-element-690af7d9 elementor-widget elementor-widget-heading\" data-id=\"690af7d9\" data-element_type=\"widget\" data-widget_type=\"heading.default\">\n\t\t\t\t<div class=\"elementor-widget-container\">\n\t\t\t<h2 class=\"elementor-heading-title elementor-size-default\">simHERO PREPAID<\/h2>\t\t<\/div>\n\t\t\t\t<\/div>\n\t\t\t\t<div class=\"elementor-element elementor-element-7654f7ed elementor-widget elementor-widget-text-editor\" data-id=\"7654f7ed\" data-element_type=\"widget\" data-widget_type=\"text-editor.default\">\n\t\t\t\t<div class=\"elementor-widget-container\">\n\t\t\t\t\t\t\t<p>In Zusammenarbeit mit unseren Vertriebspartnern rund um den Erdball managt simHERO alle mit Konnektivit\u00e4t zusammenh\u00e4ngenden Fragen, wie Rechnungslegung oder Support f\u00fcr die simHERO PREPAID-SIM-Karten. Dar\u00fcber hinaus versetzen wir die Endbenutzer in die Lage, alle ihren SIM-Karten f\u00fcr ihre IoT-Konnektivit\u00e4t \u00fcber unser simHERO Endbenutzer-Portal selbst zu verwalten, wo wir nicht nur unsere standardm\u00e4\u00dfige simHERO-Datentarife, sondern auch ma\u00dfgeschneiderte Tarife basierend auf spezifischen IoT-Ger\u00e4ten oder Anforderungen unserer Partner anbieten. <b>M\u00f6chten Sie mehr \u00fcber simHERO-PREPAID-SIM-Services erfahren? <\/b><\/p>\t\t\t\t\t\t<\/div>\n\t\t\t\t<\/div>\n\t\t\t\t<div class=\"elementor-element elementor-element-5446c2ab elementor-align-left elementor-mobile-align-center elementor-widget elementor-widget-button\" data-id=\"5446c2ab\" data-element_type=\"widget\" data-widget_type=\"button.default\">\n\t\t\t\t<div class=\"elementor-widget-container\">\n\t\t\t\t\t<div class=\"elementor-button-wrapper\">\n\t\t\t<a class=\"elementor-button elementor-button-link elementor-size-md\" href=\"https:\/\/simhero.com\/de\/business\/was-wir-tun\/simhero-prepaid\/\">\n\t\t\t\t\t\t<span class=\"elementor-button-content-wrapper\">\n\t\t\t\t\t\t\t\t\t<span class=\"elementor-button-text\">Erfahren Sie mehr \u00fcber simHERO PREPAID<\/span>\n\t\t\t\t\t<\/span>\n\t\t\t\t\t<\/a>\n\t\t<\/div>\n\t\t\t\t<\/div>\n\t\t\t\t<\/div>\n\t\t\t\t\t<\/div>\n\t\t<\/div>\n\t\t\t\t\t<\/div>\n\t\t<\/section>\n\t\t\t\t<section class=\"elementor-section elementor-top-section elementor-element elementor-element-191e287 elementor-section-content-middle elementor-section-boxed elementor-section-height-default elementor-section-height-default\" data-id=\"191e287\" data-element_type=\"section\">\n\t\t\t\t\t\t<div class=\"elementor-container elementor-column-gap-wider\">\n\t\t\t\t\t<div class=\"elementor-column elementor-col-50 elementor-top-column elementor-element elementor-element-3025bf28\" data-id=\"3025bf28\" data-element_type=\"column\">\n\t\t\t<div class=\"elementor-widget-wrap elementor-element-populated\">\n\t\t\t\t\t\t<div class=\"elementor-element elementor-element-1b4d1045 elementor-widget elementor-widget-heading\" data-id=\"1b4d1045\" data-element_type=\"widget\" data-widget_type=\"heading.default\">\n\t\t\t\t<div class=\"elementor-widget-container\">\n\t\t\t<h2 class=\"elementor-heading-title elementor-size-default\">simHERO ULTIMATE<\/h2>\t\t<\/div>\n\t\t\t\t<\/div>\n\t\t\t\t<div class=\"elementor-element elementor-element-55ae03ec elementor-widget elementor-widget-text-editor\" data-id=\"55ae03ec\" data-element_type=\"widget\" data-widget_type=\"text-editor.default\">\n\t\t\t\t<div class=\"elementor-widget-container\">\n\t\t\t\t\t\t\t<p>simHERO ULTIMATE ist ein Business-Modell, bei dem wir unsere IoT-Konnektivit\u00e4t f\u00fcr unsere Gesch\u00e4ftskunden bereitstellen. Daher liefern wir neben Ihrem IoT-Ger\u00e4t SIM-Karten ohne Label bzw. mit Ihrem individuellen Logo als wesentliche Komponente. Zus\u00e4tzlich zu unserer weltweiten SIM-L\u00f6sung bieten wir die fortschrittlichsten SIM-Karten-Management-Tools an, mit denen unsere Kunden in der Lage sind, ihre weltweit nutzbare SIM von der Aktivierung bis zur Deaktivierung zu managen. <b>M\u00f6chten Sie mehr \u00fcber simHERO-ULTIMATE-SIM-Services erfahren?<\/b><\/p>\t\t\t\t\t\t<\/div>\n\t\t\t\t<\/div>\n\t\t\t\t<div class=\"elementor-element elementor-element-51a71d44 elementor-align-left elementor-mobile-align-center elementor-widget elementor-widget-button\" data-id=\"51a71d44\" data-element_type=\"widget\" data-widget_type=\"button.default\">\n\t\t\t\t<div class=\"elementor-widget-container\">\n\t\t\t\t\t<div class=\"elementor-button-wrapper\">\n\t\t\t<a class=\"elementor-button elementor-button-link elementor-size-md\" href=\"https:\/\/simhero.com\/de\/business\/was-wir-tun\/simhero-ultimate\/\">\n\t\t\t\t\t\t<span class=\"elementor-button-content-wrapper\">\n\t\t\t\t\t\t\t\t\t<span class=\"elementor-button-text\">Erfahren Sie mehr \u00fcber simHERO ULTIMATE<\/span>\n\t\t\t\t\t<\/span>\n\t\t\t\t\t<\/a>\n\t\t<\/div>\n\t\t\t\t<\/div>\n\t\t\t\t<\/div>\n\t\t\t\t\t<\/div>\n\t\t<\/div>\n\t\t\t\t<div class=\"elementor-column elementor-col-50 elementor-top-column elementor-element elementor-element-52eee060\" data-id=\"52eee060\" data-element_type=\"column\">\n\t\t\t<div class=\"elementor-widget-wrap elementor-element-populated\">\n\t\t\t\t\t\t<div class=\"elementor-element elementor-element-27016dc elementor-widget elementor-widget-image\" data-id=\"27016dc\" data-element_type=\"widget\" data-widget_type=\"image.default\">\n\t\t\t\t<div class=\"elementor-widget-container\">\n\t\t\t\t\t\t\t\t\t\t\t\t\t<img decoding=\"async\" width=\"800\" height=\"534\" src=\"http:\/\/www.simhero.com\/wp-content\/uploads\/2020\/07\/ultimate.jpg\" class=\"attachment-large size-large wp-image-1352\" alt=\"\" srcset=\"http:\/\/www.simhero.com\/wp-content\/uploads\/2020\/07\/ultimate.jpg 1000w, http:\/\/www.simhero.com\/wp-content\/uploads\/2020\/07\/ultimate-300x200.jpg 300w, http:\/\/www.simhero.com\/wp-content\/uploads\/2020\/07\/ultimate-768x512.jpg 768w\" sizes=\"(max-width: 800px) 100vw, 800px\" \/>\t\t\t\t\t\t\t\t\t\t\t\t\t<\/div>\n\t\t\t\t<\/div>\n\t\t\t\t\t<\/div>\n\t\t<\/div>\n\t\t\t\t\t<\/div>\n\t\t<\/section>\n\t\t\t\t<\/div>\n\t\t","protected":false},"excerpt":{"rendered":"<p>simHERO-Business-Modelle simHERO-Business-Modelle f\u00fcr Ihre verbundenen Ger\u00e4te Unsere allgemeine Zielsetzung sieht vor, Endbenutzer und Gesch\u00e4ftskunden in die Lage zu versetzen, ihre verbundenen Ger\u00e4te wie beispielsweise Kamerafallen, Tracker oder jedwede Smart-Home-Ger\u00e4te zu managen. Um dieses Ziel zu erreichen, bietet simHERO zwei unterschiedliche Business-Modelle an: simHERO PREPAID In Zusammenarbeit mit unseren Vertriebspartnern rund um den Erdball managt simHERO [&hellip;]<\/p>\n","protected":false},"author":1,"featured_media":0,"parent":2332,"menu_order":0,"comment_status":"closed","ping_status":"closed","template":"elementor_header_footer","meta":{"footnotes":""},"yoast_head":"<!-- This site is optimized with the Yoast SEO plugin v23.4 - https:\/\/yoast.com\/wordpress\/plugins\/seo\/ -->\n<title>simHERO business models - simHERO<\/title>\n<meta name=\"description\" content=\"simHEROs overall target is to enable end-users and business clients to manage their connected device such as trail camera, tracker, or any kind of smart home device.\" \/>\n<meta name=\"robots\" content=\"index, follow, max-snippet:-1, max-image-preview:large, max-video-preview:-1\" \/>\n<link rel=\"canonical\" href=\"http:\/\/www.simhero.com\/de\/business\/was-wir-tun\/\" \/>\n<meta property=\"og:locale\" content=\"de_DE\" \/>\n<meta property=\"og:type\" content=\"article\" \/>\n<meta property=\"og:title\" content=\"simHERO business models - simHERO\" \/>\n<meta property=\"og:description\" content=\"simHEROs overall target is to enable end-users and business clients to manage their connected device such as trail camera, tracker, or any kind of smart home device.\" \/>\n<meta property=\"og:url\" content=\"http:\/\/www.simhero.com\/de\/business\/was-wir-tun\/\" \/>\n<meta property=\"og:site_name\" content=\"simHERO\" \/>\n<meta property=\"article:publisher\" content=\"https:\/\/www.facebook.com\/freeewaysimhero\/\" \/>\n<meta property=\"article:modified_time\" content=\"2020-11-18T14:16:55+00:00\" \/>\n<meta property=\"og:image\" content=\"http:\/\/3.65.206.27\/wp-content\/uploads\/2020\/07\/prepaid.jpg\" \/>\n<meta name=\"twitter:card\" content=\"summary_large_image\" \/>\n<meta name=\"twitter:label1\" content=\"Gesch\u00e4tzte Lesezeit\" \/>\n\t<meta name=\"twitter:data1\" content=\"1\u00a0Minute\" \/>\n<script type=\"application\/ld+json\" class=\"yoast-schema-graph\">{\"@context\":\"https:\/\/schema.org\",\"@graph\":[{\"@type\":\"WebPage\",\"@id\":\"http:\/\/www.simhero.com\/de\/business\/was-wir-tun\/\",\"url\":\"http:\/\/www.simhero.com\/de\/business\/was-wir-tun\/\",\"name\":\"simHERO business models - simHERO\",\"isPartOf\":{\"@id\":\"https:\/\/simhero.com\/#website\"},\"primaryImageOfPage\":{\"@id\":\"http:\/\/www.simhero.com\/de\/business\/was-wir-tun\/#primaryimage\"},\"image\":{\"@id\":\"http:\/\/www.simhero.com\/de\/business\/was-wir-tun\/#primaryimage\"},\"thumbnailUrl\":\"http:\/\/3.65.206.27\/wp-content\/uploads\/2020\/07\/prepaid.jpg\",\"datePublished\":\"2020-05-06T06:49:25+00:00\",\"dateModified\":\"2020-11-18T14:16:55+00:00\",\"description\":\"simHEROs overall target is to enable end-users and business clients to manage their connected device such as trail camera, tracker, or any kind of smart home device.\",\"breadcrumb\":{\"@id\":\"http:\/\/www.simhero.com\/de\/business\/was-wir-tun\/#breadcrumb\"},\"inLanguage\":\"de\",\"potentialAction\":[{\"@type\":\"ReadAction\",\"target\":[\"http:\/\/www.simhero.com\/de\/business\/was-wir-tun\/\"]}]},{\"@type\":\"ImageObject\",\"inLanguage\":\"de\",\"@id\":\"http:\/\/www.simhero.com\/de\/business\/was-wir-tun\/#primaryimage\",\"url\":\"http:\/\/3.65.206.27\/wp-content\/uploads\/2020\/07\/prepaid.jpg\",\"contentUrl\":\"http:\/\/3.65.206.27\/wp-content\/uploads\/2020\/07\/prepaid.jpg\"},{\"@type\":\"BreadcrumbList\",\"@id\":\"http:\/\/www.simhero.com\/de\/business\/was-wir-tun\/#breadcrumb\",\"itemListElement\":[{\"@type\":\"ListItem\",\"position\":1,\"name\":\"Startseite\",\"item\":\"http:\/\/www.simhero.com\/de\/\"},{\"@type\":\"ListItem\",\"position\":2,\"name\":\"Business\",\"item\":\"http:\/\/www.simhero.com\/de\/business\/\"},{\"@type\":\"ListItem\",\"position\":3,\"name\":\"Was wir tun\"}]},{\"@type\":\"WebSite\",\"@id\":\"https:\/\/simhero.com\/#website\",\"url\":\"https:\/\/simhero.com\/\",\"name\":\"simHERO\",\"description\":\"\",\"potentialAction\":[{\"@type\":\"SearchAction\",\"target\":{\"@type\":\"EntryPoint\",\"urlTemplate\":\"https:\/\/simhero.com\/?s={search_term_string}\"},\"query-input\":{\"@type\":\"PropertyValueSpecification\",\"valueRequired\":true,\"valueName\":\"search_term_string\"}}],\"inLanguage\":\"de\"}]}<\/script>\n<!-- \/ Yoast SEO plugin. -->","yoast_head_json":{"title":"simHERO business models - simHERO","description":"simHEROs overall target is to enable end-users and business clients to manage their connected device such as trail camera, tracker, or any kind of smart home device.","robots":{"index":"index","follow":"follow","max-snippet":"max-snippet:-1","max-image-preview":"max-image-preview:large","max-video-preview":"max-video-preview:-1"},"canonical":"http:\/\/www.simhero.com\/de\/business\/was-wir-tun\/","og_locale":"de_DE","og_type":"article","og_title":"simHERO business models - simHERO","og_description":"simHEROs overall target is to enable end-users and business clients to manage their connected device such as trail camera, tracker, or any kind of smart home device.","og_url":"http:\/\/www.simhero.com\/de\/business\/was-wir-tun\/","og_site_name":"simHERO","article_publisher":"https:\/\/www.facebook.com\/freeewaysimhero\/","article_modified_time":"2020-11-18T14:16:55+00:00","og_image":[{"url":"http:\/\/3.65.206.27\/wp-content\/uploads\/2020\/07\/prepaid.jpg"}],"twitter_card":"summary_large_image","twitter_misc":{"Gesch\u00e4tzte Lesezeit":"1\u00a0Minute"},"schema":{"@context":"https:\/\/schema.org","@graph":[{"@type":"WebPage","@id":"http:\/\/www.simhero.com\/de\/business\/was-wir-tun\/","url":"http:\/\/www.simhero.com\/de\/business\/was-wir-tun\/","name":"simHERO business models - simHERO","isPartOf":{"@id":"https:\/\/simhero.com\/#website"},"primaryImageOfPage":{"@id":"http:\/\/www.simhero.com\/de\/business\/was-wir-tun\/#primaryimage"},"image":{"@id":"http:\/\/www.simhero.com\/de\/business\/was-wir-tun\/#primaryimage"},"thumbnailUrl":"http:\/\/3.65.206.27\/wp-content\/uploads\/2020\/07\/prepaid.jpg","datePublished":"2020-05-06T06:49:25+00:00","dateModified":"2020-11-18T14:16:55+00:00","description":"simHEROs overall target is to enable end-users and business clients to manage their connected device such as trail camera, tracker, or any kind of smart home device.","breadcrumb":{"@id":"http:\/\/www.simhero.com\/de\/business\/was-wir-tun\/#breadcrumb"},"inLanguage":"de","potentialAction":[{"@type":"ReadAction","target":["http:\/\/www.simhero.com\/de\/business\/was-wir-tun\/"]}]},{"@type":"ImageObject","inLanguage":"de","@id":"http:\/\/www.simhero.com\/de\/business\/was-wir-tun\/#primaryimage","url":"http:\/\/3.65.206.27\/wp-content\/uploads\/2020\/07\/prepaid.jpg","contentUrl":"http:\/\/3.65.206.27\/wp-content\/uploads\/2020\/07\/prepaid.jpg"},{"@type":"BreadcrumbList","@id":"http:\/\/www.simhero.com\/de\/business\/was-wir-tun\/#breadcrumb","itemListElement":[{"@type":"ListItem","position":1,"name":"Startseite","item":"http:\/\/www.simhero.com\/de\/"},{"@type":"ListItem","position":2,"name":"Business","item":"http:\/\/www.simhero.com\/de\/business\/"},{"@type":"ListItem","position":3,"name":"Was wir tun"}]},{"@type":"WebSite","@id":"https:\/\/simhero.com\/#website","url":"https:\/\/simhero.com\/","name":"simHERO","description":"","potentialAction":[{"@type":"SearchAction","target":{"@type":"EntryPoint","urlTemplate":"https:\/\/simhero.com\/?s={search_term_string}"},"query-input":{"@type":"PropertyValueSpecification","valueRequired":true,"valueName":"search_term_string"}}],"inLanguage":"de"}]}},"_links":{"self":[{"href":"http:\/\/www.simhero.com\/de\/wp-json\/wp\/v2\/pages\/2372"}],"collection":[{"href":"http:\/\/www.simhero.com\/de\/wp-json\/wp\/v2\/pages"}],"about":[{"href":"http:\/\/www.simhero.com\/de\/wp-json\/wp\/v2\/types\/page"}],"author":[{"embeddable":true,"href":"http:\/\/www.simhero.com\/de\/wp-json\/wp\/v2\/users\/1"}],"replies":[{"embeddable":true,"href":"http:\/\/www.simhero.com\/de\/wp-json\/wp\/v2\/comments?post=2372"}],"version-history":[{"count":4,"href":"http:\/\/www.simhero.com\/de\/wp-json\/wp\/v2\/pages\/2372\/revisions"}],"predecessor-version":[{"id":2443,"href":"http:\/\/www.simhero.com\/de\/wp-json\/wp\/v2\/pages\/2372\/revisions\/2443"}],"up":[{"embeddable":true,"href":"http:\/\/www.simhero.com\/de\/wp-json\/wp\/v2\/pages\/2332"}],"wp:attachment":[{"href":"http:\/\/www.simhero.com\/de\/wp-json\/wp\/v2\/media?parent=2372"}],"curies":[{"name":"wp","href":"https:\/\/api.w.org\/{rel}","templated":true}]}}